{"id":3,"date":"2023-07-17T16:52:26","date_gmt":"2023-07-17T16:52:26","guid":{"rendered":"https:\/\/msr.pt\/?page_id=3"},"modified":"2023-10-05T19:17:19","modified_gmt":"2023-10-05T19:17:19","slug":"politica-de-privacidade","status":"publish","type":"page","link":"https:\/\/www.msr.pt\/index.php\/politica-de-privacidade\/","title":{"rendered":"Pol\u00edtica de Privacidade"},"content":{"rendered":"<h1>Condi\u00e7\u00f5es Gerais<\/h1>\n<p>CONDI\u00c7\u00d5ES GERAIS DE UTILIZA\u00c7\u00c3O DA P\u00c1GINA:<\/p>\n<p>Ao aceder a este site o utilizador deve tomar conhecimento das seguintes disposi\u00e7\u00f5es aplic\u00e1veis a cada um dos documentos, informa\u00e7\u00f5es, dados e requisitos que nele se encontram e que \u00e9 propriedade da MSR &#8211; Media\u00e7\u00e3o de Seguros, Lda., pessoa coletiva 503842281, matriculada na Conservat\u00f3ria do Registo Comercial de V. N. de Famalic\u00e3o, sob o mesmo n\u00famero, com sede na Avenida Riopele, 888 -4770-405 Pousada de Saramagos, e com o capital social de 25000.00\u20ac<strong>\u200b<\/strong>, doravante abreviadamente designada por MSR.<\/p>\n<p>&nbsp;<\/p>\n<p>DADOS PESSOAIS:<\/p>\n<p>Os dados pessoais fornecidos pelo titular no preenchimento de formul\u00e1rios existentes neste site, ser\u00e3o processados e armazenados informaticamente pela MSR e destinam-se ao seu uso exclusivo, no \u00e2mbito das rela\u00e7\u00f5es pr\u00e9-contratuais ou decorrentes do contrato celebrado com o seu cliente, incluindo as suas renova\u00e7\u00f5es.<br \/>\nOs dados ser\u00e3o conservados de forma a permitir a identifica\u00e7\u00e3o dos titulares at\u00e9 que tenham cessado definitivamente essas rela\u00e7\u00f5es.<br \/>\nO titular ter\u00e1 livre acesso aos seus dados pessoais, desde que o solicite por escrito, podendo proceder \u00e0 sua retifica\u00e7\u00e3o.<br \/>\nOs dados recolhidos em virtude da celebra\u00e7\u00e3o, execu\u00e7\u00e3o ou cessa\u00e7\u00e3o do contrato poder\u00e3o ser fornecidos \u00e0s autoridades judiciais ou administrativas, desde que em cumprimento de obriga\u00e7\u00e3o legal a cargo do Segurador, e bem assim, sem preju\u00edzo dos deveres e limites previstos em mat\u00e9ria de prote\u00e7\u00e3o de dados pessoais e de concorr\u00eancia, e sempre sujeito ao dever de sigilo, aos prestadores de servi\u00e7os do Segurador, designadamente os seus resseguradores e peritos, e ainda \u00e0s entidades, nomeadamente de tipo associativo, como seja a Associa\u00e7\u00e3o Portuguesa de Seguradores, que enquadrem ou realizem, licitamente, a\u00e7\u00f5es de compila\u00e7\u00e3o de dados, a\u00e7\u00f5es de preven\u00e7\u00e3o e combate \u00e0 fraude, estudos de mercado ou estudos estat\u00edsticos ou t\u00e9cnico-atuariais.<\/p>\n<p><strong>O titular dos dados autoriza a Companhia a:<\/strong><br \/>\na. fornecer os seus dados a empresas de seguros do qual tem contratos, sendo assegurada a sua confidencialidade, utiliza\u00e7\u00e3o em fun\u00e7\u00e3o do objeto social dessas empresas e compatibilidade com os fins da recolha;<br \/>\nb. proceder \u00e0 recolha de dados pessoais complementares junto de organismos p\u00fablicos, empresas especializadas e outras entidades privada, tendo em vista a confirma\u00e7\u00e3o ou complemento dos elementos recolhidos necess\u00e1rios \u00e0 gest\u00e3o da rela\u00e7\u00e3o contratual;<br \/>\nc. efetuar, se assim o entender, o registo magn\u00e9tico das chamadas telef\u00f3nicas que forem realizadas, no \u00e2mbito da rela\u00e7\u00e3o contratual proposta, quer na fase de forma\u00e7\u00e3o do contrato, quer durante a vig\u00eancia do mesmo, e bem assim a proceder \u00e0 sua utiliza\u00e7\u00e3o para quaisquer fins l\u00edcitos, nomeadamente, para execu\u00e7\u00e3o dos servi\u00e7os contratados, para melhoramento e controlo dos mesmos e como meio de prova.<\/p>\n<p>&nbsp;<\/p>\n<p><strong>CONDI\u00c7\u00d5ES DE UTILIZA\u00c7\u00c3O DO SITE:<\/strong><\/p>\n<p>1- Atrav\u00e9s deste site, a MSR pretende inform\u00e1-lo sobre a sua marca e sobre os produtos e servi\u00e7os que disponibiliza. A informa\u00e7\u00e3o prestada n\u00e3o configura uma oferta no sentido jur\u00eddico do termo.<\/p>\n<p>2- Todas as informa\u00e7\u00f5es contidas neste site, destinam-se exclusivamente a utiliza\u00e7\u00e3o privada, proibindo-se a sua utiliza\u00e7\u00e3o para fins comerciais. Por outro lado, a informa\u00e7\u00e3o disponibilizada n\u00e3o constitui, independentemente da forma que revista, conselho ou recomenda\u00e7\u00e3o de compra, de venda ou de contrata\u00e7\u00e3o, n\u00e3o dispensando o recurso a especialistas em caso de necessidade.<\/p>\n<p>3- Assim, a MSR n\u00e3o se responsabiliza por quaisquer preju\u00edzos ou danos materiais ou pessoais que possam advir direta ou indiretamente da utiliza\u00e7\u00e3o da informa\u00e7\u00e3o disponibilizada, sendo o utilizador o \u00fanico e exclusivo respons\u00e1vel por todas as decis\u00f5es tomadas com base nessa informa\u00e7\u00e3o.<\/p>\n<p>4- Atrav\u00e9s do site, o utilizador poder\u00e1 aceder a outros sites na internet de empresas parceiras, de institui\u00e7\u00f5es oficiais e de organiza\u00e7\u00f5es relacionadas com a atividade seguradora, em Portugal. Os links existentes no site\u00a0 foram previamente autorizados pelas respetivas entidades.<\/p>\n<p>5- Os direitos de propriedade intelectual sobre todos os conte\u00fados deste site, exceto os que sejam fornecidos por entidades externas devidamente identificadas, s\u00e3o perten\u00e7a da MSR, incluindo as informa\u00e7\u00f5es, as ferramentas, o desenho gr\u00e1fico das p\u00e1ginas na Internet, com todos os seus componentes, e todas as figuras, gr\u00e1ficos ou textos.<\/p>\n<p>6- A MSR n\u00e3o assume qualquer responsabilidade pelos preju\u00edzos decorrentes de eventuais situa\u00e7\u00f5es de impossibilidade, atraso, suspens\u00e3o ou interrup\u00e7\u00e3o no acesso ao site em virtude de falhas t\u00e9cnicas ou outros motivos. A MSR n\u00e3o garante que o acesso ao site n\u00e3o sofra interrup\u00e7\u00f5es ou perturba\u00e7\u00f5es resultantes de problemas t\u00e9cnicos.<\/p>\n<p>7- N\u00e3o \u00e9 permitida a reprodu\u00e7\u00e3o total ou parcial de qualquer informa\u00e7\u00e3o ou conte\u00fado do site, nem o seu aluguer ou venda, sem autoriza\u00e7\u00e3o pr\u00e9via da MSR ou das entidades externas fornecedoras de informa\u00e7\u00e3o devidamente identificadas.<\/p>\n<p>8- A MSR reserva-se o direito de completar, modificar ou suprimir as informa\u00e7\u00f5es contidas nas p\u00e1ginas do site.<\/p>\n<p>9- A MSR n\u00e3o pode garantir a total imunidade do seu site a ataques de hackers e v\u00edrus ou outros softwares de intrus\u00e3o.<\/p>\n<p>10- Algumas p\u00e1ginas deste site utilizam cookies e javascript. Saiba mais sobre a utiliza\u00e7\u00e3o de cookies clicando <a href=\"https:\/\/www.msr.pt\/index.php\/politica-de-cookies\/\" target=\"_blank\" rel=\"noopener\">aqui<\/a>. A inibi\u00e7\u00e3o da utiliza\u00e7\u00e3o destes componentes pode constituir obst\u00e1culo \u00e0 navega\u00e7\u00e3o.<\/p>\n<p>11- O acesso ou a utiliza\u00e7\u00e3o do site implica a aceita\u00e7\u00e3o pelo utilizador das condi\u00e7\u00f5es anteriormente referidas.\u200b<\/p>\n<p>&nbsp;<\/p>\n<p>&nbsp;<\/p>\n<p>&nbsp;<\/p>\n<p><img decoding=\"async\" class=\"alignnone wp-image-469\" src=\"https:\/\/www.msr.pt\/wp-content\/uploads\/2022\/12\/lg_MSR.png\" alt=\"\" width=\"213\" height=\"93\" \/><\/p>\n<p>(atualizado a 4 Outubro de 2023)<\/p>\n","protected":false},"excerpt":{"rendered":"<p>Condi\u00e7\u00f5es Gerais CONDI\u00c7\u00d5ES GERAIS DE UTILIZA\u00c7\u00c3O DA P\u00c1GINA: Ao aceder a este site o utilizador deve tomar conhecimento das seguintes disposi\u00e7\u00f5es aplic\u00e1veis a cada um dos documentos, informa\u00e7\u00f5es, dados e [&hellip;]<\/p>\n","protected":false},"author":1,"featured_media":0,"parent":0,"menu_order":0,"comment_status":"closed","ping_status":"closed","template":"","meta":{"footnotes":""},"class_list":["post-3","page","type-page","status-publish","hentry"],"aioseo_notices":[],"_links":{"self":[{"href":"https:\/\/www.msr.pt\/index.php\/wp-json\/wp\/v2\/pages\/3","targetHints":{"allow":["GET"]}}],"collection":[{"href":"https:\/\/www.msr.pt\/index.php\/wp-json\/wp\/v2\/pages"}],"about":[{"href":"https:\/\/www.msr.pt\/index.php\/wp-json\/wp\/v2\/types\/page"}],"author":[{"embeddable":true,"href":"https:\/\/www.msr.pt\/index.php\/wp-json\/wp\/v2\/users\/1"}],"replies":[{"embeddable":true,"href":"https:\/\/www.msr.pt\/index.php\/wp-json\/wp\/v2\/comments?post=3"}],"version-history":[{"count":9,"href":"https:\/\/www.msr.pt\/index.php\/wp-json\/wp\/v2\/pages\/3\/revisions"}],"predecessor-version":[{"id":1198,"href":"https:\/\/www.msr.pt\/index.php\/wp-json\/wp\/v2\/pages\/3\/revisions\/1198"}],"wp:attachment":[{"href":"https:\/\/www.msr.pt\/index.php\/wp-json\/wp\/v2\/media?parent=3"}],"curies":[{"name":"wp","href":"https:\/\/api.w.org\/{rel}","templated":true}]}}