{"id":1172,"date":"2023-10-05T17:28:33","date_gmt":"2023-10-05T17:28:33","guid":{"rendered":"https:\/\/www.msr.pt\/index.php\/politica-de-cookies\/"},"modified":"2023-10-05T18:29:11","modified_gmt":"2023-10-05T18:29:11","slug":"politica-de-cookies","status":"publish","type":"page","link":"https:\/\/www.msr.pt\/index.php\/politica-de-cookies\/","title":{"rendered":"Pol\u00edtica de Cookies"},"content":{"rendered":"<p>A MSR -Media\u00e7\u00e3o de Seguros, Lda, com sede na Avenida Riopele, 888 -4770-405 Pousada de Saramagos, pessoa coletiva 503842281, matriculada na Conservat\u00f3ria do Registo Comercial de V. N. de Famalic\u00e3o, sob o mesmo n\u00famero, com o capital social de 25000.00\u20ac<strong>\u200b<\/strong>.<\/p>\n<h3><strong>Introdu\u00e7\u00e3o<\/strong><\/h3>\n<p>A presente Pol\u00edtica de Privacidade e Prote\u00e7\u00e3o de Dados aplica-se \u00e0 recolha e tratamento de dados pessoais efetuados pela MSR-Media\u00e7\u00e3o de Seguros, Lda.<\/p>\n<p>A MSR est\u00e1 empenhada em cumprir toda a legisla\u00e7\u00e3o aplic\u00e1vel em mat\u00e9ria de privacidade e prote\u00e7\u00e3o de dados pessoais, nomeadamente o Regulamento Geral de Prote\u00e7\u00e3o de Dados (RGPD \u2013 Regulamento UE 2016\/679 de 27 de Abril de 2016).<\/p>\n<p>A MSR-Media\u00e7\u00e3o de Seguros, Lda. enquanto mediadora de seguros pretende com esta Pol\u00edtica de Privacidade e Prote\u00e7\u00e3o de Dados dar a conhecer publicamente todas as pr\u00e1ticas e mecanismos de tratamento de dados que se prop\u00f5e cumprir relativamente \u00e0s pessoas singulares que figurem como, ou sejam candidatos a, tomadores de seguros, segurados, pessoas seguras, benefici\u00e1rios ou, noutra qualquer qualidade, titulares de interesses protegidos por contratos de seguro em fase de execu\u00e7\u00e3o ou contrata\u00e7\u00e3o.<\/p>\n<p>A Pol\u00edtica de Cookies \u00e9 parte integrante da Pol\u00edtica de privacidade e prote\u00e7\u00e3o de dados.<\/p>\n<p>A MSR-Media\u00e7\u00e3o de Seguros, Lda. pretende proporcionar um acesso seguro, personalizado e eficiente aos utilizadores dos seus websites.<\/p>\n<p>Para tal, utilizamos ficheiros inform\u00e1ticos de reduzida dimens\u00e3o designados de cookies que armazenamos no seu dispositivo (computador, tablet, telem\u00f3vel, ou outro dispositivo m\u00f3vel) de modo a podermos identific\u00e1-lo em acessos futuros, recordar as suas a\u00e7\u00f5es e prefer\u00eancias e melhorar a sua experi\u00eancia de navega\u00e7\u00e3o.<\/p>\n<p>Ao navegar no nosso website concorda com a utiliza\u00e7\u00e3o dos cookies nos termos definidos nesta Pol\u00edtica de Cookies. Quaisquer altera\u00e7\u00f5es \u00e0 presente Pol\u00edtica ser\u00e3o publicadas nesta p\u00e1gina, pelo que se recomenda que a mesma seja visitada regularmente.<\/p>\n<h3><strong>O que s\u00e3o cookies?<\/strong><\/h3>\n<p>Um cookie \u00e9 um arquivo que \u00e9 baixado para o seu computador quando o utilizador acede determinadas p\u00e1ginas da web. Os cookies permitem que um site, entre outras coisas, armazene e recupere informa\u00e7\u00e3o sobre os h\u00e1bitos de navega\u00e7\u00e3o de um utilizador ou do seu equipamento e, dependendo da informa\u00e7\u00e3o que contenham e da forma como utiliza o seu equipamento, podem ser utilizados para reconhecer o utilizador.<\/p>\n<p>Os cookies s\u00e3o ficheiros inform\u00e1ticos (software) de reduzida dimens\u00e3o que s\u00e3o armazenados no Dispositivo do utilizador, atrav\u00e9s do seu navegador de internet, por ocasi\u00e3o do acesso ao website.<\/p>\n<p>Os cookies incluem um ou mais identificadores \u00fanicos que s\u00e3o enviados para o navegador de internet ou outra parte do Dispositivo do Cliente ou Utilizador e a\u00ed ficam instalados. Cada website e aplica\u00e7\u00e3o disp\u00f5em da capacidade de enviar os seus pr\u00f3prios cookies para o navegador de internet utilizado, bem como de lhes aceder, caso as prefer\u00eancias do navegador de internet do utilizador assim o permitam. Para prote\u00e7\u00e3o da sua privacidade, o seu navegador de internet s\u00f3 permite que um website aceda aos cookies que j\u00e1 tenha enviado para si, ficando-lhe vedado o acesso aos cookies que tenham sido enviados por outros sites.<\/p>\n<p>Para saber mais sobre o que s\u00e3o cookies, bem como de que modo pode geri-los ou impedir a sua utiliza\u00e7\u00e3o no seu dispositivo, visite www.allaboutcookies.org, no qual poder\u00e1 encontrar informa\u00e7\u00f5es sobre como modificar as configura\u00e7\u00f5es aplic\u00e1veis ao navegador de internet que utilizar.<\/p>\n<h3><strong>Para que servem?<br \/>\n<\/strong><\/h3>\n<p>A coloca\u00e7\u00e3o de cookies torna a utiliza\u00e7\u00e3o do site mais simples e eficiente e ajudar\u00e1 o site a reconhecer o seu dispositivo na pr\u00f3xima vez que o visitar.<\/p>\n<p>Os cookies utilizados ret\u00eam, por exemplo, informa\u00e7\u00e3o relacionada com c\u00f3digos identificadores do dispositivo, e informa\u00e7\u00e3o de sess\u00e3o para garantir a seguran\u00e7a e experi\u00eancia de navega\u00e7\u00e3o. Os cookies podem igualmente facilitar a sua pr\u00f3xima visita e tornar os sites mais \u00fateis para si.<\/p>\n<p>Em regra, para instalar determinados cookies no seu dispositivo necessitamos do seu consentimento pr\u00e9vio, raz\u00e3o pela qual existe um aviso sobre este assunto.<\/p>\n<p>A qualquer momento, o utilizador pode, atrav\u00e9s do seu navegador de internet, decidir ser notificado sobre a rece\u00e7\u00e3o de cookies, bloquear a respetiva entrada no seu dispositivo ou remover os cookies previamente instalados.<\/p>\n<h3><strong>Porque se utiliza?<\/strong><\/h3>\n<p>A utiliza\u00e7\u00e3o de cookies na Internet \u00e9 usual e n\u00e3o prejudica os dispositivos dos utilizadores. Os cookies executam diversas fun\u00e7\u00f5es, nomeadamente no aux\u00edlio dos respons\u00e1veis do site a perceber o modo como este \u00e9 utilizado, facilitando a respetiva navega\u00e7\u00e3o, guardando as suas prefer\u00eancias e, de modo geral, melhorando a sua experi\u00eancia de utiliza\u00e7\u00e3o, servindo ainda para garantir que o site lhe mostra conte\u00fado relevante.<\/p>\n<h3><strong>Que tipo de cookies utilizamos?<\/strong><\/h3>\n<p>Os utilizadores podem configurar os seus dispositivos e os navegadores de internet que utilizam para aceitarem todos ou alguns cookies, para os notificarem sempre que um cookie \u00e9 emitido, ou para nunca receberem cookies. Sendo cada navegador diferente, verifique o menu de ajuda do seu navegador para aprender a alterar as suas prefer\u00eancias em mat\u00e9ria de cookies.<\/p>\n<p>Relativamente \u00e0s suas funcionalidades e dura\u00e7\u00e3o, os cookies utilizados podem ser:<\/p>\n<p style=\"padding-left: 40px;\"><u>Cookies de sess\u00e3o<\/u> &#8211; s\u00e3o cookies tempor\u00e1rios que permanecem no seu navegador de internet at\u00e9 sair do site. A informa\u00e7\u00e3o que mant\u00eam permite gerir, de forma segura, as diversas opera\u00e7\u00f5es realizadas por si durante uma sess\u00e3o de acesso ao nosso site, permitindo-nos identificar problemas e fornecer uma melhor experi\u00eancia de navega\u00e7\u00e3o.<\/p>\n<p style=\"padding-left: 40px;\"><u>Cookies persistentes<\/u> &#8211; S\u00e3o cookies que ficam armazenados no navegador de internet do seu Dispositivo durante um per\u00edodo de tempo definido e que s\u00e3o acedidos e utilizados sempre que faz uma nova visita ao site<\/p>\n<p>Relativamente \u00e0 fun\u00e7\u00e3o, os cookies utilizados s\u00e3o:<\/p>\n<p style=\"padding-left: 40px;\"><u>Cookies essenciais<\/u> &#8211; Alguns cookies s\u00e3o essenciais para aceder a \u00e1reas espec\u00edficas do nosso site. Permitem a navega\u00e7\u00e3o no site e a utiliza\u00e7\u00e3o das suas aplica\u00e7\u00f5es, tal como aceder a \u00e1reas seguras do site atrav\u00e9s de login. Sem estes cookies, determinados servi\u00e7os n\u00e3o podem ser prestados. De um modo geral, n\u00e3o \u00e9 necess\u00e1rio o consentimento do utilizador para instalar cookies essenciais no seu Dispositivo quando este acede ao site.<\/p>\n<p style=\"padding-left: 40px;\"><u>Cookies anal\u00edticos<\/u> &#8211; S\u00e3o utilizados anonimamente para efeitos de cria\u00e7\u00e3o e an\u00e1lise de estat\u00edsticas, no sentido de melhorar o funcionamento do site.<\/p>\n<p style=\"padding-left: 40px;\"><u>Cookies de funcionalidade<\/u> &#8211; Guardam as prefer\u00eancias do utilizador relativamente \u00e0 utiliza\u00e7\u00e3o do site, para que n\u00e3o seja necess\u00e1rio voltar a configurar o site cada vez que o visita.<\/p>\n<p>O nosso site poder\u00e1 conter links para outros s\u00edtios de Internet ou aplica\u00e7\u00f5es, incluindo dos nossos parceiros. Caso aceda a um desses links ou aplica\u00e7\u00f5es, por favor note que cada um ter\u00e1 a sua pr\u00f3pria pol\u00edtica de cookies e n\u00e3o nos responsabilizamos por essas pol\u00edticas. Por favor, leia as pol\u00edticas de cookies de outros s\u00edtios de Internet ou aplica\u00e7\u00f5es antes de utilizar os mesmos.<\/p>\n<h3><strong>Os cookies podem ser bloqueados ou limitados?<\/strong><\/h3>\n<p>Os cookies contribuem para uma melhor experi\u00eancia de utiliza\u00e7\u00e3o. Depois de autorizar o seu uso, poder\u00e1 sempre desativar parte ou a totalidade dos cookies.<\/p>\n<h3><strong>Como \u00e9 que os cookies devem ser geridos?<\/strong><\/h3>\n<p>Todos os navegadores de internet permitem ao utilizador aceitar, recusar ou apagar cookies, atrav\u00e9s da gest\u00e3o das defini\u00e7\u00f5es no navegador de internet.<\/p>\n<p>Caso desative os cookies pode impedir que alguns servi\u00e7os da internet funcionem corretamente, afetando, parcial ou totalmente, a navega\u00e7\u00e3o e funcionalidades do site.<\/p>\n<h3><strong>Contactos<\/strong><\/h3>\n<p>Para quaisquer informa\u00e7\u00f5es adicionais ou para exercer os seus direitos, por favor contacte-nos em qualquer momento atrav\u00e9s do email msr-seguros@msr.pt.<\/p>\n<p>&nbsp;<\/p>\n<p><img decoding=\"async\" class=\"alignnone wp-image-469\" src=\"https:\/\/www.msr.pt\/wp-content\/uploads\/2022\/12\/lg_MSR.png\" alt=\"\" width=\"191\" height=\"83\" \/><\/p>\n<p>(atualizado a 4 Outubro de 2023)<\/p>\n<p>&nbsp;<\/p>\n","protected":false},"excerpt":{"rendered":"<p>A MSR -Media\u00e7\u00e3o de Seguros, Lda, com sede na Avenida Riopele, 888 -4770-405 Pousada de Saramagos, pessoa coletiva 503842281, matriculada na Conservat\u00f3ria do Registo Comercial de V. N. de Famalic\u00e3o, [&hellip;]<\/p>\n","protected":false},"author":1,"featured_media":0,"parent":0,"menu_order":0,"comment_status":"closed","ping_status":"closed","template":"","meta":{"footnotes":""},"class_list":["post-1172","page","type-page","status-publish","hentry"],"aioseo_notices":[],"_links":{"self":[{"href":"https:\/\/www.msr.pt\/index.php\/wp-json\/wp\/v2\/pages\/1172","targetHints":{"allow":["GET"]}}],"collection":[{"href":"https:\/\/www.msr.pt\/index.php\/wp-json\/wp\/v2\/pages"}],"about":[{"href":"https:\/\/www.msr.pt\/index.php\/wp-json\/wp\/v2\/types\/page"}],"author":[{"embeddable":true,"href":"https:\/\/www.msr.pt\/index.php\/wp-json\/wp\/v2\/users\/1"}],"replies":[{"embeddable":true,"href":"https:\/\/www.msr.pt\/index.php\/wp-json\/wp\/v2\/comments?post=1172"}],"version-history":[{"count":20,"href":"https:\/\/www.msr.pt\/index.php\/wp-json\/wp\/v2\/pages\/1172\/revisions"}],"predecessor-version":[{"id":1197,"href":"https:\/\/www.msr.pt\/index.php\/wp-json\/wp\/v2\/pages\/1172\/revisions\/1197"}],"wp:attachment":[{"href":"https:\/\/www.msr.pt\/index.php\/wp-json\/wp\/v2\/media?parent=1172"}],"curies":[{"name":"wp","href":"https:\/\/api.w.org\/{rel}","templated":true}]}}